{"id":6577,"date":"2023-01-20T08:06:14","date_gmt":"2023-01-20T08:06:14","guid":{"rendered":"http:\/\/steidlerhof.bz\/kontakt\/"},"modified":"2023-03-28T21:09:04","modified_gmt":"2023-03-28T21:09:04","slug":"contatti","status":"publish","type":"page","link":"https:\/\/steidlerhof.bz\/it\/contatti\/","title":{"rendered":"Kontakt"},"content":{"rendered":"\t\t<div data-elementor-type=\"wp-page\" data-elementor-id=\"6577\" class=\"elementor elementor-6577 elementor-4436\" data-elementor-post-type=\"page\">\n\t\t\t\t<div class=\"elementor-element elementor-element-0aa789b e-con-full e-flex e-con e-parent\" data-id=\"0aa789b\" data-element_type=\"container\" data-e-type=\"container\">\n\t\t\t\t<div class=\"elementor-element elementor-element-3262ed6 elementor--h-position-center elementor--v-position-middle elementor-arrows-position-inside elementor-widget elementor-widget-slides\" data-id=\"3262ed6\" data-element_type=\"widget\" data-e-type=\"widget\" data-settings=\"{&quot;navigation&quot;:&quot;arrows&quot;,&quot;autoplay_speed&quot;:3000,&quot;transition&quot;:&quot;fade&quot;,&quot;transition_speed&quot;:800,&quot;autoplay&quot;:&quot;yes&quot;,&quot;pause_on_hover&quot;:&quot;yes&quot;,&quot;pause_on_interaction&quot;:&quot;yes&quot;,&quot;infinite&quot;:&quot;yes&quot;}\" data-widget_type=\"slides.default\">\n\t\t\t\t<div class=\"elementor-widget-container\">\n\t\t\t\t\t\t\t\t\t<div class=\"elementor-swiper\">\n\t\t\t\t\t<div class=\"elementor-slides-wrapper elementor-main-swiper swiper\" role=\"region\" aria-roledescription=\"carousel\" aria-label=\"Slides\" dir=\"ltr\" data-animation=\"fadeInUp\">\n\t\t\t\t<div class=\"swiper-wrapper elementor-slides\">\n\t\t\t\t\t\t\t\t\t\t<div class=\"elementor-repeater-item-e7c2f94 swiper-slide\" role=\"group\" aria-roledescription=\"slide\"><div class=\"swiper-slide-bg\" role=\"img\" aria-label=\"Steidlerhof-6652\"><\/div><div class=\"elementor-background-overlay\"><\/div><div class=\"swiper-slide-inner\" ><div class=\"swiper-slide-contents\"><\/div><\/div><\/div><div class=\"elementor-repeater-item-60ee089 swiper-slide\" role=\"group\" aria-roledescription=\"slide\"><div class=\"swiper-slide-bg\" role=\"img\" aria-label=\"Steidlerhof-6697\"><\/div><div class=\"elementor-background-overlay\"><\/div><div class=\"swiper-slide-inner\" ><div class=\"swiper-slide-contents\"><\/div><\/div><\/div><div class=\"elementor-repeater-item-b81b82a swiper-slide\" role=\"group\" aria-roledescription=\"slide\"><div class=\"swiper-slide-bg\" role=\"img\" aria-label=\"Steidlerhof-6810 (1)\"><\/div><div class=\"elementor-background-overlay\"><\/div><div class=\"swiper-slide-inner\" ><div class=\"swiper-slide-contents\"><\/div><\/div><\/div>\t\t\t\t<\/div>\n\t\t\t\t\t\t\t\t\t\t\t\t\t\t\t<div class=\"elementor-swiper-button elementor-swiper-button-prev\" role=\"button\" tabindex=\"0\" aria-label=\"Diapositiva precedente\">\n\t\t\t\t\t\t\t<svg aria-hidden=\"true\" class=\"e-font-icon-svg e-eicon-chevron-left\" viewBox=\"0 0 1000 1000\" xmlns=\"http:\/\/www.w3.org\/2000\/svg\"><path d=\"M646 125C629 125 613 133 604 142L308 442C296 454 292 471 292 487 292 504 296 521 308 533L604 854C617 867 629 875 646 875 663 875 679 871 692 858 704 846 713 829 713 812 713 796 708 779 692 767L438 487 692 225C700 217 708 204 708 187 708 171 704 154 692 142 675 129 663 125 646 125Z\"><\/path><\/svg>\t\t\t\t\t\t<\/div>\n\t\t\t\t\t\t<div class=\"elementor-swiper-button elementor-swiper-button-next\" role=\"button\" tabindex=\"0\" aria-label=\"Prossima diapositiva\">\n\t\t\t\t\t\t\t<svg aria-hidden=\"true\" class=\"e-font-icon-svg e-eicon-chevron-right\" viewBox=\"0 0 1000 1000\" xmlns=\"http:\/\/www.w3.org\/2000\/svg\"><path d=\"M696 533C708 521 713 504 713 487 713 471 708 454 696 446L400 146C388 133 375 125 354 125 338 125 325 129 313 142 300 154 292 171 292 187 292 204 296 221 308 233L563 492 304 771C292 783 288 800 288 817 288 833 296 850 308 863 321 871 338 875 354 875 371 875 388 867 400 854L696 533Z\"><\/path><\/svg>\t\t\t\t\t\t<\/div>\n\t\t\t\t\t\t\t\t\t\t\t\t\t\t\t\t\t<\/div>\n\t\t\t\t<\/div>\n\t\t\t\t\t\t\t\t<\/div>\n\t\t\t\t<\/div>\n\t\t\t\t<\/div>\n\t\t<div class=\"elementor-element elementor-element-b6cb8a3 e-flex e-con-boxed e-con e-parent\" data-id=\"b6cb8a3\" data-element_type=\"container\" data-e-type=\"container\">\n\t\t\t\t\t<div class=\"e-con-inner\">\n\t\t<div class=\"elementor-element elementor-element-5b7cccc e-flex e-con-boxed e-con e-child\" data-id=\"5b7cccc\" data-element_type=\"container\" data-e-type=\"container\" data-settings=\"{&quot;background_background&quot;:&quot;classic&quot;}\">\n\t\t\t\t\t<div class=\"e-con-inner\">\n\t\t\t\t<div class=\"elementor-element elementor-element-055fdf0 elementor-widget elementor-widget-image\" data-id=\"055fdf0\" data-element_type=\"widget\" data-e-type=\"widget\" data-widget_type=\"image.default\">\n\t\t\t\t<div class=\"elementor-widget-container\">\n\t\t\t\t\t\t\t\t\t\t\t\t\t\t\t<img decoding=\"async\" src=\"https:\/\/steidlerhof.bz\/wp-content\/uploads\/2022\/10\/cropped-favicon-_1_-1-e1664976214709.png\" title=\"\" alt=\"\" loading=\"lazy\" \/>\t\t\t\t\t\t\t\t\t\t\t\t\t\t\t<\/div>\n\t\t\t\t<\/div>\n\t\t\t\t<div class=\"elementor-element elementor-element-17a905e elementor-widget elementor-widget-heading\" data-id=\"17a905e\" data-element_type=\"widget\" data-e-type=\"widget\" data-widget_type=\"heading.default\">\n\t\t\t\t<div class=\"elementor-widget-container\">\n\t\t\t\t\t<h2 class=\"elementor-heading-title elementor-size-default\">Contattaci<\/h2>\t\t\t\t<\/div>\n\t\t\t\t<\/div>\n\t\t\t\t\t<\/div>\n\t\t\t\t<\/div>\n\t\t\t\t<div class=\"elementor-element elementor-element-cc83dde elementor-widget elementor-widget-text-editor\" data-id=\"cc83dde\" data-element_type=\"widget\" data-e-type=\"widget\" data-widget_type=\"text-editor.default\">\n\t\t\t\t<div class=\"elementor-widget-container\">\n\t\t\t\t\t\t\t\t\t<p>Contattaci per richieste di qualsiasi genere.<\/p><p><strong>Per informazioni sui pernottamenti, si prega di notare il soggiorno minimo di 3 notti.<\/strong><\/p>\t\t\t\t\t\t\t\t<\/div>\n\t\t\t\t<\/div>\n\t\t\t\t\t<\/div>\n\t\t\t\t<\/div>\n\t\t<div class=\"elementor-element elementor-element-5119f96 e-flex e-con-boxed e-con e-parent\" data-id=\"5119f96\" data-element_type=\"container\" data-e-type=\"container\">\n\t\t\t\t\t<div class=\"e-con-inner\">\n\t\t\t\t<div class=\"elementor-element elementor-element-e6ee036 elementor-button-align-center elementor-widget elementor-widget-form\" data-id=\"e6ee036\" data-element_type=\"widget\" data-e-type=\"widget\" data-settings=\"{&quot;step_next_label&quot;:&quot;Next&quot;,&quot;step_previous_label&quot;:&quot;Previous&quot;,&quot;button_width&quot;:&quot;100&quot;,&quot;step_type&quot;:&quot;number_text&quot;,&quot;step_icon_shape&quot;:&quot;circle&quot;}\" data-widget_type=\"form.default\">\n\t\t\t\t<div class=\"elementor-widget-container\">\n\t\t\t\t\t\t\t<form class=\"elementor-form\" method=\"post\" name=\"New Form\" aria-label=\"New Form\">\n\t\t\t<input type=\"hidden\" name=\"post_id\" value=\"6577\"\/>\n\t\t\t<input type=\"hidden\" name=\"form_id\" value=\"e6ee036\"\/>\n\t\t\t<input type=\"hidden\" name=\"referer_title\" value=\"\u1405 Kontaktieren Sie uns noch heute, um Ihren Besuch zu planen\" \/>\n\n\t\t\t\t\t\t\t<input type=\"hidden\" name=\"queried_id\" value=\"6577\"\/>\n\t\t\t\n\t\t\t<div class=\"elementor-form-fields-wrapper elementor-labels-above\">\n\t\t\t\t\t\t\t\t<div class=\"elementor-field-type-html elementor-field-group elementor-column elementor-field-group-field_16f9d7d elementor-col-100\">\n\t\t\t\t\t<p style=\"font-size: 20px; font-weight:400; color:#FFC436\n; border-bottom: 2px solid #FFC436\n    \">Periodo di viaggio (minimo 3 notti)<\/p>\t\t\t\t<\/div>\n\t\t\t\t\t\t\t\t<div class=\"elementor-field-type-date elementor-field-group elementor-column elementor-field-group-startdate elementor-col-50 elementor-field-required elementor-mark-required\">\n\t\t\t\t\t\t\t\t\t\t\t\t<label for=\"form-field-startdate\" class=\"elementor-field-label\">\n\t\t\t\t\t\t\t\tArrivo\t\t\t\t\t\t\t<\/label>\n\t\t\t\t\t\t\n\t\t<input type=\"date\" name=\"form_fields[startdate]\" id=\"form-field-startdate\" class=\"elementor-field elementor-size-sm  elementor-field-textual elementor-date-field elementor-use-native\" required=\"required\" pattern=\"[0-9]{4}-[0-9]{2}-[0-9]{2}\">\n\t\t\t\t\t\t<\/div>\n\t\t\t\t\t\t\t\t<div class=\"elementor-field-type-date elementor-field-group elementor-column elementor-field-group-field_4520666 elementor-col-50 elementor-field-required elementor-mark-required\">\n\t\t\t\t\t\t\t\t\t\t\t\t<label for=\"form-field-field_4520666\" class=\"elementor-field-label\">\n\t\t\t\t\t\t\t\tPartenza\t\t\t\t\t\t\t<\/label>\n\t\t\t\t\t\t\n\t\t<input type=\"date\" name=\"form_fields[field_4520666]\" id=\"form-field-field_4520666\" class=\"elementor-field elementor-size-sm  elementor-field-textual elementor-date-field elementor-use-native\" required=\"required\" pattern=\"[0-9]{4}-[0-9]{2}-[0-9]{2}\">\n\t\t\t\t\t\t<\/div>\n\t\t\t\t\t\t\t\t<div class=\"elementor-field-type-html elementor-field-group elementor-column elementor-field-group-field_49451b2 elementor-col-100\">\n\t\t\t\t\t<p style=\"font-size: 20px; font-weight:400; color:#FFC436\n; border-bottom: 2px solid #FFC436\n    \">Occupazione<\/p>\t\t\t\t<\/div>\n\t\t\t\t\t\t\t\t<div class=\"elementor-field-type-select elementor-field-group elementor-column elementor-field-group-field_400ba4e elementor-col-50\">\n\t\t\t\t\t\t\t\t\t\t\t\t<label for=\"form-field-field_400ba4e\" class=\"elementor-field-label\">\n\t\t\t\t\t\t\t\tAdulto\t\t\t\t\t\t\t<\/label>\n\t\t\t\t\t\t\t\t<div class=\"elementor-field elementor-select-wrapper remove-before \">\n\t\t\t<div class=\"select-caret-down-wrapper\">\n\t\t\t\t<svg aria-hidden=\"true\" class=\"e-font-icon-svg e-eicon-caret-down\" viewBox=\"0 0 571.4 571.4\" xmlns=\"http:\/\/www.w3.org\/2000\/svg\"><path d=\"M571 393Q571 407 561 418L311 668Q300 679 286 679T261 668L11 418Q0 407 0 393T11 368 36 357H536Q550 357 561 368T571 393Z\"><\/path><\/svg>\t\t\t<\/div>\n\t\t\t<select name=\"form_fields[field_400ba4e]\" id=\"form-field-field_400ba4e\" class=\"elementor-field-textual elementor-size-sm\">\n\t\t\t\t\t\t\t\t\t<option value=\"1 Adulto\">1 Adulto<\/option>\n\t\t\t\t\t\t\t\t\t<option value=\"2 Adulti\">2 Adulti<\/option>\n\t\t\t\t\t\t\t\t\t<option value=\"3 Adulti\">3 Adulti<\/option>\n\t\t\t\t\t\t\t\t\t<option value=\"4 Adulti\">4 Adulti<\/option>\n\t\t\t\t\t\t\t\t\t<option value=\"5 Adulti\">5 Adulti<\/option>\n\t\t\t\t\t\t\t\t\t<option value=\"6 Adulti\">6 Adulti<\/option>\n\t\t\t\t\t\t\t\t\t<option value=\"7 Adulti\">7 Adulti<\/option>\n\t\t\t\t\t\t\t\t\t<option value=\"8 Adulti\">8 Adulti<\/option>\n\t\t\t\t\t\t\t\t\t<option value=\"9 Adulti\">9 Adulti<\/option>\n\t\t\t\t\t\t\t<\/select>\n\t\t<\/div>\n\t\t\t\t\t\t<\/div>\n\t\t\t\t\t\t\t\t<div class=\"elementor-field-type-select elementor-field-group elementor-column elementor-field-group-field_400ba4e elementor-col-50\">\n\t\t\t\t\t\t\t\t\t\t\t\t<label for=\"form-field-field_400ba4e\" class=\"elementor-field-label\">\n\t\t\t\t\t\t\t\tBambini\t\t\t\t\t\t\t<\/label>\n\t\t\t\t\t\t\t\t<div class=\"elementor-field elementor-select-wrapper remove-before \">\n\t\t\t<div class=\"select-caret-down-wrapper\">\n\t\t\t\t<svg aria-hidden=\"true\" class=\"e-font-icon-svg e-eicon-caret-down\" viewBox=\"0 0 571.4 571.4\" xmlns=\"http:\/\/www.w3.org\/2000\/svg\"><path d=\"M571 393Q571 407 561 418L311 668Q300 679 286 679T261 668L11 418Q0 407 0 393T11 368 36 357H536Q550 357 561 368T571 393Z\"><\/path><\/svg>\t\t\t<\/div>\n\t\t\t<select name=\"form_fields[field_400ba4e]\" id=\"form-field-field_400ba4e\" class=\"elementor-field-textual elementor-size-sm\">\n\t\t\t\t\t\t\t\t\t<option value=\"1 Adulto 0 Bambini\">0 Bambini<\/option>\n\t\t\t\t\t\t\t\t\t<option value=\"2 Adulti 1 Bambino\">1 Bambino<\/option>\n\t\t\t\t\t\t\t\t\t<option value=\"3 Adulti 2 Bambini\">2 Bambini<\/option>\n\t\t\t\t\t\t\t\t\t<option value=\"4 Adulti 3 Bambini\">3 Bambini<\/option>\n\t\t\t\t\t\t\t\t\t<option value=\"5 Adulti 4 Bambini\">4 Bambini<\/option>\n\t\t\t\t\t\t\t\t\t<option value=\"6 Adulti 5 Bambini\">5 Bambini<\/option>\n\t\t\t\t\t\t\t\t\t<option value=\"7 Adulti 6 Bambini\">6 Bambini<\/option>\n\t\t\t\t\t\t\t\t\t<option value=\"8 Adulti 7 Bambini\">7 Bambini<\/option>\n\t\t\t\t\t\t\t\t\t<option value=\"9 Adulti 8 Bambini\">8 Bambini<\/option>\n\t\t\t\t\t\t\t\t\t<option value=\"9 Bambini\">9 Bambini<\/option>\n\t\t\t\t\t\t\t<\/select>\n\t\t<\/div>\n\t\t\t\t\t\t<\/div>\n\t\t\t\t\t\t\t\t<div class=\"elementor-field-type-html elementor-field-group elementor-column elementor-field-group-field_aab86b8 elementor-col-100\">\n\t\t\t\t\t<p style=\"font-size: 20px; font-weight:400; color:#FFC436\n; border-bottom: 2px solid #FFC436\n    \">Contatto<\/p>\t\t\t\t<\/div>\n\t\t\t\t\t\t\t\t<div class=\"elementor-field-type-text elementor-field-group elementor-column elementor-field-group-field_c82159b elementor-col-50 elementor-field-required elementor-mark-required\">\n\t\t\t\t\t\t\t\t\t\t\t\t<label for=\"form-field-field_c82159b\" class=\"elementor-field-label\">\n\t\t\t\t\t\t\t\tNome\t\t\t\t\t\t\t<\/label>\n\t\t\t\t\t\t\t\t\t\t\t\t\t\t<input size=\"1\" type=\"text\" name=\"form_fields[field_c82159b]\" id=\"form-field-field_c82159b\" class=\"elementor-field elementor-size-sm  elementor-field-textual\" required=\"required\">\n\t\t\t\t\t\t\t\t\t\t\t<\/div>\n\t\t\t\t\t\t\t\t<div class=\"elementor-field-type-text elementor-field-group elementor-column elementor-field-group-field_f4e07a3 elementor-col-50 elementor-field-required elementor-mark-required\">\n\t\t\t\t\t\t\t\t\t\t\t\t<label for=\"form-field-field_f4e07a3\" class=\"elementor-field-label\">\n\t\t\t\t\t\t\t\tCognome\t\t\t\t\t\t\t<\/label>\n\t\t\t\t\t\t\t\t\t\t\t\t\t\t<input size=\"1\" type=\"text\" name=\"form_fields[field_f4e07a3]\" id=\"form-field-field_f4e07a3\" class=\"elementor-field elementor-size-sm  elementor-field-textual\" required=\"required\">\n\t\t\t\t\t\t\t\t\t\t\t<\/div>\n\t\t\t\t\t\t\t\t<div class=\"elementor-field-type-email elementor-field-group elementor-column elementor-field-group-field_876818c elementor-col-50 elementor-field-required elementor-mark-required\">\n\t\t\t\t\t\t\t\t\t\t\t\t<label for=\"form-field-field_876818c\" class=\"elementor-field-label\">\n\t\t\t\t\t\t\t\tEmail\t\t\t\t\t\t\t<\/label>\n\t\t\t\t\t\t\t\t\t\t\t\t\t\t<input size=\"1\" type=\"email\" name=\"form_fields[field_876818c]\" id=\"form-field-field_876818c\" class=\"elementor-field elementor-size-sm  elementor-field-textual\" required=\"required\">\n\t\t\t\t\t\t\t\t\t\t\t<\/div>\n\t\t\t\t\t\t\t\t<div class=\"elementor-field-type-tel elementor-field-group elementor-column elementor-field-group-field_8a7706c elementor-col-50\">\n\t\t\t\t\t\t\t\t\t\t\t\t<label for=\"form-field-field_8a7706c\" class=\"elementor-field-label\">\n\t\t\t\t\t\t\t\tNumero di telefono\t\t\t\t\t\t\t<\/label>\n\t\t\t\t\t\t\t\t<input size=\"1\" type=\"tel\" name=\"form_fields[field_8a7706c]\" id=\"form-field-field_8a7706c\" class=\"elementor-field elementor-size-sm  elementor-field-textual\" pattern=\"[0-9()#&amp;+*-=.]+\" title=\"Sono accettati solo numeri e caratteri telefonici (#, -, *, ecc.).\">\n\n\t\t\t\t\t\t<\/div>\n\t\t\t\t\t\t\t\t<div class=\"elementor-field-type-textarea elementor-field-group elementor-column elementor-field-group-message elementor-col-100\">\n\t\t\t\t\t\t\t\t\t\t\t\t<label for=\"form-field-message\" class=\"elementor-field-label\">\n\t\t\t\t\t\t\t\tMessaggio\t\t\t\t\t\t\t<\/label>\n\t\t\t\t\t\t<textarea class=\"elementor-field-textual elementor-field  elementor-size-sm\" name=\"form_fields[message]\" id=\"form-field-message\" rows=\"4\"><\/textarea>\t\t\t\t<\/div>\n\t\t\t\t\t\t\t\t<div class=\"elementor-field-group elementor-column elementor-field-type-submit elementor-col-100 e-form__buttons\">\n\t\t\t\t\t<button class=\"elementor-button elementor-size-md\" type=\"submit\">\n\t\t\t\t\t\t<span class=\"elementor-button-content-wrapper\">\n\t\t\t\t\t\t\t\t\t\t\t\t\t\t\t\t\t\t\t\t\t\t<span class=\"elementor-button-text\">Inviare<\/span>\n\t\t\t\t\t\t\t\t\t\t\t\t\t<\/span>\n\t\t\t\t\t<\/button>\n\t\t\t\t<\/div>\n\t\t\t<\/div>\n\t\t<\/form>\n\t\t\t\t\t\t<\/div>\n\t\t\t\t<\/div>\n\t\t\t\t\t<\/div>\n\t\t\t\t<\/div>\n\t\t<div class=\"elementor-element elementor-element-9ba6ac7 e-con-full e-flex e-con e-parent\" data-id=\"9ba6ac7\" data-element_type=\"container\" data-e-type=\"container\">\n\t\t\t\t<div class=\"elementor-element elementor-element-d0b051c elementor-widget elementor-widget-google_maps\" data-id=\"d0b051c\" data-element_type=\"widget\" data-e-type=\"widget\" data-widget_type=\"google_maps.default\">\n\t\t\t\t<div class=\"elementor-widget-container\">\n\t\t\t\t\t\t\t<div class=\"elementor-custom-embed\">\n\t\t\t<iframe loading=\"lazy\"\n\t\t\t\t\tsrc=\"https:\/\/maps.google.com\/maps?q=Obermagdalena%2C%201%2C%2039100%20Bolzano%20BZ%2C%20Italy&#038;t=m&#038;z=10&#038;output=embed&#038;iwloc=near\"\n\t\t\t\t\ttitle=\"Obermagdalena, 1, 39100 Bolzano BZ, Italy\"\n\t\t\t\t\taria-label=\"Obermagdalena, 1, 39100 Bolzano BZ, Italy\"\n\t\t\t><\/iframe>\n\t\t<\/div>\n\t\t\t\t\t\t<\/div>\n\t\t\t\t<\/div>\n\t\t\t\t<\/div>\n\t\t\t\t<\/div>\n\t\t","protected":false},"excerpt":{"rendered":"<p>Previous Next Contattaci Contattaci per richieste di qualsiasi genere. Per informazioni sui pernottamenti, si prega di notare il soggiorno minimo di 3 notti.<\/p>\n","protected":false},"author":4,"featured_media":0,"parent":0,"menu_order":0,"comment_status":"closed","ping_status":"closed","template":"","meta":{"inline_featured_image":false,"footnotes":""},"class_list":["post-6577","page","type-page","status-publish","hentry"],"yoast_head":"<!-- This site is optimized with the Yoast SEO plugin v27.2 - https:\/\/yoast.com\/product\/yoast-seo-wordpress\/ -->\n<title>\u1405 Kontaktieren Sie uns noch heute, um Ihren Besuch zu planen<\/title>\n<meta name=\"description\" content=\"Bereit, das Beste aus der s\u00fcdtirolischen K\u00fcche und Gastfreundschaft zu erleben? Kontaktieren Sie uns noch heute, um Ihren Besuch zu planen. Unser freundliches Personal kann Ihnen bei allem helfen, von der Reservierung bis hin zur Organisation einer Weinprobe. Wir freuen uns darauf, Sie in unserem traditionellen Restaurant und Buschenschank begr\u00fc\u00dfen zu d\u00fcrfen!\" \/>\n<meta name=\"robots\" content=\"index, follow, max-snippet:-1, max-image-preview:large, max-video-preview:-1\" \/>\n<link rel=\"canonical\" href=\"https:\/\/steidlerhof-bz-269897.hostingersite.com\/kontakt\/\" \/>\n<meta property=\"og:locale\" content=\"it_IT\" \/>\n<meta property=\"og:type\" content=\"article\" \/>\n<meta property=\"og:title\" content=\"\u1405 Kontaktieren Sie uns noch heute, um Ihren Besuch zu planen\" \/>\n<meta property=\"og:description\" content=\"Bereit, das Beste aus der s\u00fcdtirolischen K\u00fcche und Gastfreundschaft zu erleben? Kontaktieren Sie uns noch heute, um Ihren Besuch zu planen. Unser freundliches Personal kann Ihnen bei allem helfen, von der Reservierung bis hin zur Organisation einer Weinprobe. Wir freuen uns darauf, Sie in unserem traditionellen Restaurant und Buschenschank begr\u00fc\u00dfen zu d\u00fcrfen!\" \/>\n<meta property=\"og:url\" content=\"https:\/\/steidlerhof-bz-269897.hostingersite.com\/kontakt\/\" \/>\n<meta property=\"og:site_name\" content=\"Steidlerhof\" \/>\n<meta property=\"article:modified_time\" content=\"2023-03-28T21:09:04+00:00\" \/>\n<meta property=\"og:image\" content=\"http:\/\/steidlerhof-bz-269897.hostingersite.com\/wp-content\/uploads\/2022\/10\/cropped-favicon-_1_-1-e1664976214709.png\" \/>\n<meta name=\"twitter:card\" content=\"summary_large_image\" \/>\n<meta name=\"twitter:label1\" content=\"Tempo di lettura stimato\" \/>\n\t<meta name=\"twitter:data1\" content=\"1 minuto\" \/>\n<script type=\"application\/ld+json\" class=\"yoast-schema-graph\">{\"@context\":\"https:\/\/schema.org\",\"@graph\":[{\"@type\":\"WebPage\",\"@id\":\"https:\/\/steidlerhof-bz-269897.hostingersite.com\/kontakt\/\",\"url\":\"https:\/\/steidlerhof-bz-269897.hostingersite.com\/kontakt\/\",\"name\":\"\u1405 Kontaktieren Sie uns noch heute, um Ihren Besuch zu planen\",\"isPartOf\":{\"@id\":\"https:\/\/steidlerhof-bz-269897.hostingersite.com\/#website\"},\"primaryImageOfPage\":{\"@id\":\"https:\/\/steidlerhof-bz-269897.hostingersite.com\/kontakt\/#primaryimage\"},\"image\":{\"@id\":\"https:\/\/steidlerhof-bz-269897.hostingersite.com\/kontakt\/#primaryimage\"},\"thumbnailUrl\":\"http:\/\/steidlerhof.bz\/wp-content\/uploads\/2022\/10\/cropped-favicon-_1_-1-e1664976214709.png\",\"datePublished\":\"2023-01-20T08:06:14+00:00\",\"dateModified\":\"2023-03-28T21:09:04+00:00\",\"description\":\"Bereit, das Beste aus der s\u00fcdtirolischen K\u00fcche und Gastfreundschaft zu erleben? Kontaktieren Sie uns noch heute, um Ihren Besuch zu planen. Unser freundliches Personal kann Ihnen bei allem helfen, von der Reservierung bis hin zur Organisation einer Weinprobe. Wir freuen uns darauf, Sie in unserem traditionellen Restaurant und Buschenschank begr\u00fc\u00dfen zu d\u00fcrfen!\",\"breadcrumb\":{\"@id\":\"https:\/\/steidlerhof-bz-269897.hostingersite.com\/kontakt\/#breadcrumb\"},\"inLanguage\":\"it-IT\",\"potentialAction\":[{\"@type\":\"ReadAction\",\"target\":[\"https:\/\/steidlerhof-bz-269897.hostingersite.com\/kontakt\/\"]}]},{\"@type\":\"ImageObject\",\"inLanguage\":\"it-IT\",\"@id\":\"https:\/\/steidlerhof-bz-269897.hostingersite.com\/kontakt\/#primaryimage\",\"url\":\"http:\/\/steidlerhof.bz\/wp-content\/uploads\/2022\/10\/cropped-favicon-_1_-1-e1664976214709.png\",\"contentUrl\":\"http:\/\/steidlerhof.bz\/wp-content\/uploads\/2022\/10\/cropped-favicon-_1_-1-e1664976214709.png\"},{\"@type\":\"BreadcrumbList\",\"@id\":\"https:\/\/steidlerhof-bz-269897.hostingersite.com\/kontakt\/#breadcrumb\",\"itemListElement\":[{\"@type\":\"ListItem\",\"position\":1,\"name\":\"Home\",\"item\":\"https:\/\/steidlerhof.bz\/\"},{\"@type\":\"ListItem\",\"position\":2,\"name\":\"Kontakt\"}]},{\"@type\":\"WebSite\",\"@id\":\"https:\/\/steidlerhof-bz-269897.hostingersite.com\/#website\",\"url\":\"https:\/\/steidlerhof-bz-269897.hostingersite.com\/\",\"name\":\"Steidlerhof\",\"description\":\"Buschenschank in St. Magdalena Bozen\",\"potentialAction\":[{\"@type\":\"SearchAction\",\"target\":{\"@type\":\"EntryPoint\",\"urlTemplate\":\"https:\/\/steidlerhof-bz-269897.hostingersite.com\/?s={search_term_string}\"},\"query-input\":{\"@type\":\"PropertyValueSpecification\",\"valueRequired\":true,\"valueName\":\"search_term_string\"}}],\"inLanguage\":\"it-IT\"}]}<\/script>\n<!-- \/ Yoast SEO plugin. -->","yoast_head_json":{"title":"\u1405 Kontaktieren Sie uns noch heute, um Ihren Besuch zu planen","description":"Bereit, das Beste aus der s\u00fcdtirolischen K\u00fcche und Gastfreundschaft zu erleben? Kontaktieren Sie uns noch heute, um Ihren Besuch zu planen. Unser freundliches Personal kann Ihnen bei allem helfen, von der Reservierung bis hin zur Organisation einer Weinprobe. Wir freuen uns darauf, Sie in unserem traditionellen Restaurant und Buschenschank begr\u00fc\u00dfen zu d\u00fcrfen!","robots":{"index":"index","follow":"follow","max-snippet":"max-snippet:-1","max-image-preview":"max-image-preview:large","max-video-preview":"max-video-preview:-1"},"canonical":"https:\/\/steidlerhof-bz-269897.hostingersite.com\/kontakt\/","og_locale":"it_IT","og_type":"article","og_title":"\u1405 Kontaktieren Sie uns noch heute, um Ihren Besuch zu planen","og_description":"Bereit, das Beste aus der s\u00fcdtirolischen K\u00fcche und Gastfreundschaft zu erleben? Kontaktieren Sie uns noch heute, um Ihren Besuch zu planen. Unser freundliches Personal kann Ihnen bei allem helfen, von der Reservierung bis hin zur Organisation einer Weinprobe. Wir freuen uns darauf, Sie in unserem traditionellen Restaurant und Buschenschank begr\u00fc\u00dfen zu d\u00fcrfen!","og_url":"https:\/\/steidlerhof-bz-269897.hostingersite.com\/kontakt\/","og_site_name":"Steidlerhof","article_modified_time":"2023-03-28T21:09:04+00:00","og_image":[{"url":"http:\/\/steidlerhof-bz-269897.hostingersite.com\/wp-content\/uploads\/2022\/10\/cropped-favicon-_1_-1-e1664976214709.png","type":"","width":"","height":""}],"twitter_card":"summary_large_image","twitter_misc":{"Tempo di lettura stimato":"1 minuto"},"schema":{"@context":"https:\/\/schema.org","@graph":[{"@type":"WebPage","@id":"https:\/\/steidlerhof-bz-269897.hostingersite.com\/kontakt\/","url":"https:\/\/steidlerhof-bz-269897.hostingersite.com\/kontakt\/","name":"\u1405 Kontaktieren Sie uns noch heute, um Ihren Besuch zu planen","isPartOf":{"@id":"https:\/\/steidlerhof-bz-269897.hostingersite.com\/#website"},"primaryImageOfPage":{"@id":"https:\/\/steidlerhof-bz-269897.hostingersite.com\/kontakt\/#primaryimage"},"image":{"@id":"https:\/\/steidlerhof-bz-269897.hostingersite.com\/kontakt\/#primaryimage"},"thumbnailUrl":"http:\/\/steidlerhof.bz\/wp-content\/uploads\/2022\/10\/cropped-favicon-_1_-1-e1664976214709.png","datePublished":"2023-01-20T08:06:14+00:00","dateModified":"2023-03-28T21:09:04+00:00","description":"Bereit, das Beste aus der s\u00fcdtirolischen K\u00fcche und Gastfreundschaft zu erleben? Kontaktieren Sie uns noch heute, um Ihren Besuch zu planen. Unser freundliches Personal kann Ihnen bei allem helfen, von der Reservierung bis hin zur Organisation einer Weinprobe. Wir freuen uns darauf, Sie in unserem traditionellen Restaurant und Buschenschank begr\u00fc\u00dfen zu d\u00fcrfen!","breadcrumb":{"@id":"https:\/\/steidlerhof-bz-269897.hostingersite.com\/kontakt\/#breadcrumb"},"inLanguage":"it-IT","potentialAction":[{"@type":"ReadAction","target":["https:\/\/steidlerhof-bz-269897.hostingersite.com\/kontakt\/"]}]},{"@type":"ImageObject","inLanguage":"it-IT","@id":"https:\/\/steidlerhof-bz-269897.hostingersite.com\/kontakt\/#primaryimage","url":"http:\/\/steidlerhof.bz\/wp-content\/uploads\/2022\/10\/cropped-favicon-_1_-1-e1664976214709.png","contentUrl":"http:\/\/steidlerhof.bz\/wp-content\/uploads\/2022\/10\/cropped-favicon-_1_-1-e1664976214709.png"},{"@type":"BreadcrumbList","@id":"https:\/\/steidlerhof-bz-269897.hostingersite.com\/kontakt\/#breadcrumb","itemListElement":[{"@type":"ListItem","position":1,"name":"Home","item":"https:\/\/steidlerhof.bz\/"},{"@type":"ListItem","position":2,"name":"Kontakt"}]},{"@type":"WebSite","@id":"https:\/\/steidlerhof-bz-269897.hostingersite.com\/#website","url":"https:\/\/steidlerhof-bz-269897.hostingersite.com\/","name":"Steidlerhof","description":"Buschenschank in St. Magdalena Bozen","potentialAction":[{"@type":"SearchAction","target":{"@type":"EntryPoint","urlTemplate":"https:\/\/steidlerhof-bz-269897.hostingersite.com\/?s={search_term_string}"},"query-input":{"@type":"PropertyValueSpecification","valueRequired":true,"valueName":"search_term_string"}}],"inLanguage":"it-IT"}]}},"_links":{"self":[{"href":"https:\/\/steidlerhof.bz\/it\/wp-json\/wp\/v2\/pages\/6577","targetHints":{"allow":["GET"]}}],"collection":[{"href":"https:\/\/steidlerhof.bz\/it\/wp-json\/wp\/v2\/pages"}],"about":[{"href":"https:\/\/steidlerhof.bz\/it\/wp-json\/wp\/v2\/types\/page"}],"author":[{"embeddable":true,"href":"https:\/\/steidlerhof.bz\/it\/wp-json\/wp\/v2\/users\/4"}],"replies":[{"embeddable":true,"href":"https:\/\/steidlerhof.bz\/it\/wp-json\/wp\/v2\/comments?post=6577"}],"version-history":[{"count":0,"href":"https:\/\/steidlerhof.bz\/it\/wp-json\/wp\/v2\/pages\/6577\/revisions"}],"wp:attachment":[{"href":"https:\/\/steidlerhof.bz\/it\/wp-json\/wp\/v2\/media?parent=6577"}],"curies":[{"name":"wp","href":"https:\/\/api.w.org\/{rel}","templated":true}]}}